{"id":372,"date":"2022-03-26T20:18:55","date_gmt":"2022-03-26T17:18:55","guid":{"rendered":"https:\/\/gazetetrafik.com\/?page_id=372"},"modified":"2022-03-26T22:36:13","modified_gmt":"2022-03-26T19:36:13","slug":"hakkimizda","status":"publish","type":"page","link":"https:\/\/gazetetrafik.com\/en\/hakkimizda\/","title":{"rendered":"Hakk\u0131m\u0131zda"},"content":{"rendered":"<p>Gazete\u00a0Trafik, insana ve ya\u015fam hakk\u0131na sayg\u0131l\u0131, sorunlar\u0131, \u00e7\u00f6z\u00fcmleri ile birlikte ele alan, g\u00fcncel haberlerin yan\u0131nda, bilgilendirmeyi ama\u00e7 edinmi\u015f ilk ve tek\u00a0trafik\u00a0gazetesidir.<\/p>\n\n\n\n<p>Trafik&nbsp;\u00e7arp\u0131\u015fmalar\u0131 bizim zaman\u0131m\u0131z\u0131n, \u00f6ng\u00f6r\u00fclebilir ve \u00f6nlenebilir olmas\u0131na ra\u011fmen kan\u0131ksanm\u0131\u015f ba\u015fl\u0131ca \u00f6l\u00fcm nedenidir. Her y\u0131l yollarda, yakla\u015f\u0131k 1.25 milyon insan\u0131m\u0131z\u0131 kaybediyoruz. Yakla\u015f\u0131k 50 milyon insan\u0131m\u0131z yaralan\u0131yor veya \u00f6m\u00fcr boyu kal\u0131c\u0131 sakatl\u0131klarla hayat\u0131n\u0131 devam ettirmeye \u00e7al\u0131\u015fmalar\u0131n\u0131 izliyoruz.&nbsp;<\/p>\n\n\n\n<p>Ula\u015f\u0131mda as\u0131l sorunumuz&nbsp;trafik&nbsp;de\u011fil, g\u00fcvenlik ve eri\u015fimdir. Dar ve limitli alanlarda seyahat \u00f6zg\u00fcrl\u00fc\u011f\u00fc i\u00e7in h\u0131z yerine insan ya\u015fam\u0131na ve zamana odakl\u0131, g\u00fcvenli, sa\u011fl\u0131kl\u0131, \u00e7evreci \u00e7\u00f6z\u00fcmlere bir an \u00f6nce ula\u015fmam\u0131z gerekiyor.<\/p>\n\n\n\n<p>Trafik&nbsp;t\u00fcm bile\u015fenleri ile b\u00fct\u00fcn toplumu ilgilendiren ve bir kamu politikas\u0131 olu\u015fturularak acilen \u00e7\u00f6z\u00fcmlenmesi gereken bir sorundur. Sadece ula\u015f\u0131m \u00e7\u00f6z\u00fcmleri trafi\u011fin problemini ortadan kald\u0131rmaz.<\/p>\n\n\n\n<p>Y\u00fcr\u00fcmek, bir yerden bir yere gitmenin en temel arac\u0131d\u0131r. Hepimiz \u00f6ncelikle \u201cYAYA\u201dy\u0131z. Hepimizin g\u00fcvenli ve konforlu yollara gereksinimi var \u00e7\u00fcnk\u00fc evimizden \u00e7\u0131k\u0131p, ad\u0131m\u0131m\u0131z\u0131 soka\u011fa att\u0131\u011f\u0131m\u0131z andan itibaren yaya oluruz. \u0130nsan olarak \u201cG\u00fcvenli Yollar\u201d temel hakk\u0131m\u0131z ve ihtiyac\u0131m\u0131z \u2026<\/p>\n\n\n\n<p>Pek \u00e7ok bile\u015fenden olu\u015fur&nbsp;trafik&nbsp;problemi, en ba\u015fta yayalar olmak \u00fczere,&nbsp;trafik&nbsp;ma\u011fdurlar\u0131, ara\u00e7lar, bisikletliler, motosikletliler, engelliler ve t\u00fcm bunlar\u0131n yan\u0131nda belediyeler, karayollar\u0131,&nbsp;trafik&nbsp;ile ilgili kurum ve kurulu\u015flar\u0131 da kapsar. T\u00fcm bunlar\u0131n sonunda her g\u00fcn hepimiz sorar\u0131z&nbsp; \u201cNas\u0131l \u00e7\u00f6z\u00fclecek bu&nbsp;trafik?\u201d Hepimizin ortak bir sorunu&nbsp;trafik&nbsp;ve bu nedenle herkesi sorunlar\u0131 ve \u00e7\u00f6z\u00fcm \u00f6nerileri ile birlikte&nbsp;Gazete&nbsp;Trafik\u2019e davet ediyoruz.<\/p>\n\n\n\n<p>Gazete&nbsp;Trafik, yerelden genele trafikte bilin\u00e7li fark\u0131ndal\u0131k hareketini yerle\u015ftirmek i\u00e7in, konunun t\u00fcm payda\u015flar\u0131n\u0131 bir araya getirerek \u00e7al\u0131\u015facakt\u0131r.&nbsp; T\u00fcrkiye\u2019nin ilk ve tek&nbsp;trafik&nbsp;gazetesi \u2018\u2019Gazete&nbsp;Trafik\u2019 te yayalar,&nbsp;trafik&nbsp;ma\u011fdurlar\u0131, ara\u00e7lar, bisikletliler, motosikletliler, engelliler, s\u00fcr\u00fcc\u00fcler trafi\u011fi y\u00f6neten kurumlar, \u00e7ocuklar, gen\u00e7ler, ya\u015fl\u0131lar k\u0131sacas\u0131&nbsp;trafik&nbsp;sorununu ya\u015fayan ve \u00e7\u00f6z\u00fcm \u00f6nerileri olan her bireyin sesini duyurabilece\u011fi payla\u015f\u0131m alan\u0131d\u0131r.<\/p>\n\n\n\n<p>Gazete&nbsp;Trafik,&nbsp; insan hayat\u0131n\u0131n ne kadar de\u011ferli ve paha bi\u00e7ilemez oldu\u011funu b\u0131kmadan, usanmadan s\u00fcrekli tekrar eden bir&nbsp;trafik&nbsp;gazetesidir.<\/p>\n\n\n\n<p>Gazete\u00a0Trafik, Suat Ay\u00f6z\u00a0Trafik\u00a0Ma\u011fdurlar\u0131 Platformu yay\u0131n\u0131d\u0131r.<\/p>\n\n\n\n<div class=\"wp-block-image\"><figure class=\"aligncenter size-full is-resized\"><img loading=\"lazy\" decoding=\"async\" src=\"https:\/\/gazetetrafik.com\/wp-content\/uploads\/2022\/03\/suatayoz-2.png\" alt=\"\" class=\"wp-image-407\" width=\"300\" height=\"300\" srcset=\"https:\/\/gazetetrafik.com\/wp-content\/uploads\/2022\/03\/suatayoz-2.png 300w, https:\/\/gazetetrafik.com\/wp-content\/uploads\/2022\/03\/suatayoz-2-150x150.png 150w\" sizes=\"auto, (max-width: 300px) 100vw, 300px\" \/><\/figure><\/div>","protected":false},"excerpt":{"rendered":"<p>Gazete\u00a0Trafik, insana ve ya\u015fam hakk\u0131na sayg\u0131l\u0131, sorunlar\u0131, \u00e7\u00f6z\u00fcmleri ile birlikte ele alan, g\u00fcncel haberlerin yan\u0131nda,&#8230;<\/p>","protected":false},"author":1,"featured_media":0,"parent":0,"menu_order":0,"comment_status":"closed","ping_status":"closed","template":"","meta":{"footnotes":""},"class_list":["post-372","page","type-page","status-publish","hentry"],"yoast_head":"<!-- This site is optimized with the Yoast SEO plugin v27.4 - https:\/\/yoast.com\/product\/yoast-seo-wordpress\/ -->\n<title>Hakk\u0131m\u0131zda -<\/title>\n<meta name=\"robots\" content=\"index, follow, max-snippet:-1, max-image-preview:large, max-video-preview:-1\" \/>\n<link rel=\"canonical\" href=\"https:\/\/gazetetrafik.com\/en\/hakkimizda\/\" \/>\n<meta property=\"og:locale\" content=\"en_US\" \/>\n<meta property=\"og:type\" content=\"article\" \/>\n<meta property=\"og:title\" content=\"Hakk\u0131m\u0131zda -\" \/>\n<meta property=\"og:description\" content=\"Gazete\u00a0Trafik, insana ve ya\u015fam hakk\u0131na sayg\u0131l\u0131, sorunlar\u0131, \u00e7\u00f6z\u00fcmleri ile birlikte ele alan, g\u00fcncel haberlerin yan\u0131nda,...\" \/>\n<meta property=\"og:url\" content=\"https:\/\/gazetetrafik.com\/en\/hakkimizda\/\" \/>\n<meta property=\"article:modified_time\" content=\"2022-03-26T19:36:13+00:00\" \/>\n<meta property=\"og:image\" content=\"https:\/\/gazetetrafik.com\/wp-content\/uploads\/2022\/03\/suatayoz-2.png\" \/>\n<meta name=\"twitter:card\" content=\"summary_large_image\" \/>\n<meta name=\"twitter:site\" content=\"@TrafikGazete\" \/>\n<meta name=\"twitter:label1\" content=\"Est. reading time\" \/>\n\t<meta name=\"twitter:data1\" content=\"2 minutes\" \/>\n<script type=\"application\/ld+json\" class=\"yoast-schema-graph\">{\"@context\":\"https:\\\/\\\/schema.org\",\"@graph\":[{\"@type\":\"WebPage\",\"@id\":\"https:\\\/\\\/gazetetrafik.com\\\/hakkimizda\\\/\",\"url\":\"https:\\\/\\\/gazetetrafik.com\\\/hakkimizda\\\/\",\"name\":\"Hakk\u0131m\u0131zda -\",\"isPartOf\":{\"@id\":\"https:\\\/\\\/gazetetrafik.com\\\/#website\"},\"primaryImageOfPage\":{\"@id\":\"https:\\\/\\\/gazetetrafik.com\\\/hakkimizda\\\/#primaryimage\"},\"image\":{\"@id\":\"https:\\\/\\\/gazetetrafik.com\\\/hakkimizda\\\/#primaryimage\"},\"thumbnailUrl\":\"https:\\\/\\\/gazetetrafik.com\\\/wp-content\\\/uploads\\\/2022\\\/03\\\/suatayoz-2.png\",\"datePublished\":\"2022-03-26T17:18:55+00:00\",\"dateModified\":\"2022-03-26T19:36:13+00:00\",\"breadcrumb\":{\"@id\":\"https:\\\/\\\/gazetetrafik.com\\\/hakkimizda\\\/#breadcrumb\"},\"inLanguage\":\"en-US\",\"potentialAction\":[{\"@type\":\"ReadAction\",\"target\":[\"https:\\\/\\\/gazetetrafik.com\\\/hakkimizda\\\/\"]}]},{\"@type\":\"ImageObject\",\"inLanguage\":\"en-US\",\"@id\":\"https:\\\/\\\/gazetetrafik.com\\\/hakkimizda\\\/#primaryimage\",\"url\":\"https:\\\/\\\/gazetetrafik.com\\\/wp-content\\\/uploads\\\/2022\\\/03\\\/suatayoz-2.png\",\"contentUrl\":\"https:\\\/\\\/gazetetrafik.com\\\/wp-content\\\/uploads\\\/2022\\\/03\\\/suatayoz-2.png\"},{\"@type\":\"BreadcrumbList\",\"@id\":\"https:\\\/\\\/gazetetrafik.com\\\/hakkimizda\\\/#breadcrumb\",\"itemListElement\":[{\"@type\":\"ListItem\",\"position\":1,\"name\":\"Anasayfa\",\"item\":\"https:\\\/\\\/gazetetrafik.com\\\/\"},{\"@type\":\"ListItem\",\"position\":2,\"name\":\"Hakk\u0131m\u0131zda\"}]},{\"@type\":\"WebSite\",\"@id\":\"https:\\\/\\\/gazetetrafik.com\\\/#website\",\"url\":\"https:\\\/\\\/gazetetrafik.com\\\/\",\"name\":\"\",\"description\":\"\u0130NSANA VE YA\u015eAM HAKKINA SAYGILI TRAF\u0130K HABER GAZETES\u0130\",\"publisher\":{\"@id\":\"https:\\\/\\\/gazetetrafik.com\\\/#organization\"},\"potentialAction\":[{\"@type\":\"SearchAction\",\"target\":{\"@type\":\"EntryPoint\",\"urlTemplate\":\"https:\\\/\\\/gazetetrafik.com\\\/?s={search_term_string}\"},\"query-input\":{\"@type\":\"PropertyValueSpecification\",\"valueRequired\":true,\"valueName\":\"search_term_string\"}}],\"inLanguage\":\"en-US\"},{\"@type\":\"Organization\",\"@id\":\"https:\\\/\\\/gazetetrafik.com\\\/#organization\",\"name\":\"Gazete Trafik\",\"url\":\"https:\\\/\\\/gazetetrafik.com\\\/\",\"logo\":{\"@type\":\"ImageObject\",\"inLanguage\":\"en-US\",\"@id\":\"https:\\\/\\\/gazetetrafik.com\\\/#\\\/schema\\\/logo\\\/image\\\/\",\"url\":\"https:\\\/\\\/gazetetrafik.com\\\/wp-content\\\/uploads\\\/2022\\\/03\\\/cropped-logo.jpg\",\"contentUrl\":\"https:\\\/\\\/gazetetrafik.com\\\/wp-content\\\/uploads\\\/2022\\\/03\\\/cropped-logo.jpg\",\"width\":800,\"height\":220,\"caption\":\"Gazete Trafik\"},\"image\":{\"@id\":\"https:\\\/\\\/gazetetrafik.com\\\/#\\\/schema\\\/logo\\\/image\\\/\"},\"sameAs\":[\"https:\\\/\\\/x.com\\\/TrafikGazete\",\"https:\\\/\\\/www.instagram.com\\\/gazetetrafik\\\/\"]}]}<\/script>\n<!-- \/ Yoast SEO plugin. -->","yoast_head_json":{"title":"Hakk\u0131m\u0131zda -","robots":{"index":"index","follow":"follow","max-snippet":"max-snippet:-1","max-image-preview":"max-image-preview:large","max-video-preview":"max-video-preview:-1"},"canonical":"https:\/\/gazetetrafik.com\/en\/hakkimizda\/","og_locale":"en_US","og_type":"article","og_title":"Hakk\u0131m\u0131zda -","og_description":"Gazete\u00a0Trafik, insana ve ya\u015fam hakk\u0131na sayg\u0131l\u0131, sorunlar\u0131, \u00e7\u00f6z\u00fcmleri ile birlikte ele alan, g\u00fcncel haberlerin yan\u0131nda,...","og_url":"https:\/\/gazetetrafik.com\/en\/hakkimizda\/","article_modified_time":"2022-03-26T19:36:13+00:00","og_image":[{"url":"https:\/\/gazetetrafik.com\/wp-content\/uploads\/2022\/03\/suatayoz-2.png","type":"","width":"","height":""}],"twitter_card":"summary_large_image","twitter_site":"@TrafikGazete","twitter_misc":{"Est. reading time":"2 minutes"},"schema":{"@context":"https:\/\/schema.org","@graph":[{"@type":"WebPage","@id":"https:\/\/gazetetrafik.com\/hakkimizda\/","url":"https:\/\/gazetetrafik.com\/hakkimizda\/","name":"Hakk\u0131m\u0131zda -","isPartOf":{"@id":"https:\/\/gazetetrafik.com\/#website"},"primaryImageOfPage":{"@id":"https:\/\/gazetetrafik.com\/hakkimizda\/#primaryimage"},"image":{"@id":"https:\/\/gazetetrafik.com\/hakkimizda\/#primaryimage"},"thumbnailUrl":"https:\/\/gazetetrafik.com\/wp-content\/uploads\/2022\/03\/suatayoz-2.png","datePublished":"2022-03-26T17:18:55+00:00","dateModified":"2022-03-26T19:36:13+00:00","breadcrumb":{"@id":"https:\/\/gazetetrafik.com\/hakkimizda\/#breadcrumb"},"inLanguage":"en-US","potentialAction":[{"@type":"ReadAction","target":["https:\/\/gazetetrafik.com\/hakkimizda\/"]}]},{"@type":"ImageObject","inLanguage":"en-US","@id":"https:\/\/gazetetrafik.com\/hakkimizda\/#primaryimage","url":"https:\/\/gazetetrafik.com\/wp-content\/uploads\/2022\/03\/suatayoz-2.png","contentUrl":"https:\/\/gazetetrafik.com\/wp-content\/uploads\/2022\/03\/suatayoz-2.png"},{"@type":"BreadcrumbList","@id":"https:\/\/gazetetrafik.com\/hakkimizda\/#breadcrumb","itemListElement":[{"@type":"ListItem","position":1,"name":"Anasayfa","item":"https:\/\/gazetetrafik.com\/"},{"@type":"ListItem","position":2,"name":"Hakk\u0131m\u0131zda"}]},{"@type":"WebSite","@id":"https:\/\/gazetetrafik.com\/#website","url":"https:\/\/gazetetrafik.com\/","name":"","description":"\u0130NSANA VE YA\u015eAM HAKKINA SAYGILI TRAF\u0130K HABER GAZETES\u0130","publisher":{"@id":"https:\/\/gazetetrafik.com\/#organization"},"potentialAction":[{"@type":"SearchAction","target":{"@type":"EntryPoint","urlTemplate":"https:\/\/gazetetrafik.com\/?s={search_term_string}"},"query-input":{"@type":"PropertyValueSpecification","valueRequired":true,"valueName":"search_term_string"}}],"inLanguage":"en-US"},{"@type":"Organization","@id":"https:\/\/gazetetrafik.com\/#organization","name":"Gazete Trafik","url":"https:\/\/gazetetrafik.com\/","logo":{"@type":"ImageObject","inLanguage":"en-US","@id":"https:\/\/gazetetrafik.com\/#\/schema\/logo\/image\/","url":"https:\/\/gazetetrafik.com\/wp-content\/uploads\/2022\/03\/cropped-logo.jpg","contentUrl":"https:\/\/gazetetrafik.com\/wp-content\/uploads\/2022\/03\/cropped-logo.jpg","width":800,"height":220,"caption":"Gazete Trafik"},"image":{"@id":"https:\/\/gazetetrafik.com\/#\/schema\/logo\/image\/"},"sameAs":["https:\/\/x.com\/TrafikGazete","https:\/\/www.instagram.com\/gazetetrafik\/"]}]}},"_links":{"self":[{"href":"https:\/\/gazetetrafik.com\/en\/wp-json\/wp\/v2\/pages\/372","targetHints":{"allow":["GET"]}}],"collection":[{"href":"https:\/\/gazetetrafik.com\/en\/wp-json\/wp\/v2\/pages"}],"about":[{"href":"https:\/\/gazetetrafik.com\/en\/wp-json\/wp\/v2\/types\/page"}],"author":[{"embeddable":true,"href":"https:\/\/gazetetrafik.com\/en\/wp-json\/wp\/v2\/users\/1"}],"replies":[{"embeddable":true,"href":"https:\/\/gazetetrafik.com\/en\/wp-json\/wp\/v2\/comments?post=372"}],"version-history":[{"count":4,"href":"https:\/\/gazetetrafik.com\/en\/wp-json\/wp\/v2\/pages\/372\/revisions"}],"predecessor-version":[{"id":409,"href":"https:\/\/gazetetrafik.com\/en\/wp-json\/wp\/v2\/pages\/372\/revisions\/409"}],"wp:attachment":[{"href":"https:\/\/gazetetrafik.com\/en\/wp-json\/wp\/v2\/media?parent=372"}],"curies":[{"name":"wp","href":"https:\/\/api.w.org\/{rel}","templated":true}]}}